{"id":14,"date":"2023-08-06T01:10:29","date_gmt":"2023-08-05T23:10:29","guid":{"rendered":"https:\/\/nova-concept-solutions.com\/?page_id=14"},"modified":"2023-10-20T20:19:52","modified_gmt":"2023-10-20T18:19:52","slug":"impressum","status":"publish","type":"page","link":"https:\/\/nova-concept-solutions.com\/index.php\/impressum\/","title":{"rendered":"Impressum"},"content":{"rendered":"\t\t<div data-elementor-type=\"wp-page\" data-elementor-id=\"14\" class=\"elementor elementor-14\">\n\t\t\t\t\t\t\t\t\t<section class=\"elementor-section elementor-top-section elementor-element elementor-element-731efb5 elementor-section-height-full elementor-section-content-middle elementor-section-boxed elementor-section-height-default elementor-section-items-middle\" data-id=\"731efb5\" data-element_type=\"section\" data-settings=\"{&quot;background_background&quot;:&quot;gradient&quot;}\">\n\t\t\t\t\t\t\t<div class=\"elementor-background-overlay\"><\/div>\n\t\t\t\t\t\t\t<div class=\"elementor-container elementor-column-gap-default\">\n\t\t\t\t\t<div class=\"elementor-column elementor-col-100 elementor-top-column elementor-element elementor-element-6cb2ec1\" data-id=\"6cb2ec1\" data-element_type=\"column\">\n\t\t\t<div class=\"elementor-widget-wrap elementor-element-populated\">\n\t\t\t\t\t\t\t\t<section class=\"elementor-section elementor-inner-section elementor-element elementor-element-0407f43 elementor-section-boxed elementor-section-height-default elementor-section-height-default\" data-id=\"0407f43\" data-element_type=\"section\">\n\t\t\t\t\t\t<div class=\"elementor-container elementor-column-gap-default\">\n\t\t\t\t\t<div class=\"elementor-column elementor-col-25 elementor-inner-column elementor-element elementor-element-b4177fb\" data-id=\"b4177fb\" data-element_type=\"column\">\n\t\t\t<div class=\"elementor-widget-wrap elementor-element-populated\">\n\t\t\t\t\t\t\t\t<div class=\"elementor-element elementor-element-4d7569f elementor-widget__width-initial elementor-absolute elementor-widget elementor-widget-heading\" data-id=\"4d7569f\" data-element_type=\"widget\" data-settings=\"{&quot;_position&quot;:&quot;absolute&quot;}\" data-widget_type=\"heading.default\">\n\t\t\t\t<div class=\"elementor-widget-container\">\n\t\t\t<style>\/*! elementor - v3.14.0 - 26-06-2023 *\/\n.elementor-heading-title{padding:0;margin:0;line-height:1}.elementor-widget-heading .elementor-heading-title[class*=elementor-size-]>a{color:inherit;font-size:inherit;line-height:inherit}.elementor-widget-heading .elementor-heading-title.elementor-size-small{font-size:15px}.elementor-widget-heading .elementor-heading-title.elementor-size-medium{font-size:19px}.elementor-widget-heading .elementor-heading-title.elementor-size-large{font-size:29px}.elementor-widget-heading .elementor-heading-title.elementor-size-xl{font-size:39px}.elementor-widget-heading .elementor-heading-title.elementor-size-xxl{font-size:59px}<\/style><h1 class=\"elementor-heading-title elementor-size-default\">Impressum<\/h1>\t\t<\/div>\n\t\t\t\t<\/div>\n\t\t\t\t\t<\/div>\n\t\t<\/div>\n\t\t\t\t<div class=\"elementor-column elementor-col-25 elementor-inner-column elementor-element elementor-element-e727163\" data-id=\"e727163\" data-element_type=\"column\">\n\t\t\t<div class=\"elementor-widget-wrap elementor-element-populated\">\n\t\t\t\t\t\t\t\t<div class=\"elementor-element elementor-element-371cfb3 elementor-widget__width-initial elementor-absolute elementor-widget elementor-widget-html\" data-id=\"371cfb3\" data-element_type=\"widget\" data-settings=\"{&quot;_position&quot;:&quot;absolute&quot;}\" data-widget_type=\"html.default\">\n\t\t\t\t<div class=\"elementor-widget-container\">\n\t\t\t<svg viewBox=\"0 0 200 200\" xmlns=\"http:\/\/www.w3.org\/2000\/svg\">\n\n  <path fill=orange d=\"M41.1,-65.1C50.8,-57.7,54.6,-42.2,59.8,-28.1C65,-14,71.7,-1.4,69.9,10C68.2,21.3,58,31.4,49.4,44.7C40.8,58.1,33.8,74.7,21.4,83.1C8.9,91.5,-9,91.6,-23.5,85.1C-37.9,78.5,-48.9,65.2,-55.3,51.4C-61.7,37.7,-63.5,23.5,-68.3,8.2C-73.1,-7.2,-80.8,-23.8,-75.7,-34.4C-70.6,-45.1,-52.8,-49.8,-38.1,-54.9C-23.4,-60,-11.7,-65.5,2,-68.6C15.7,-71.8,31.4,-72.5,41.1,-65.1Z\" transform=\"translate(100 100)\">\n    <animate attributeName=\"d\" dur=\"20s\" repeatCount=\"indefinite\" \n      values=\"\n      M54.7,-57.3C68.3,-41.1,74.9,-20.6,75.5,0.7C76.2,21.9,71,43.8,57.4,53.8C43.8,63.8,21.9,61.8,3.9,58C-14.1,54.1,-28.3,48.2,-43.5,38.3C-58.7,28.3,-75,14.1,-75.4,-0.4C-75.8,-15,-60.3,-29.9,-45.1,-46.1C-29.9,-62.2,-15,-79.6,2.8,-82.4C20.6,-85.2,41.1,-73.4,54.7,-57.3Z;\n      M55.1,-55C67.5,-42.7,71,-21.3,69.2,-1.8C67.5,17.8,60.5,35.6,48.1,52C35.6,68.4,17.8,83.3,1.8,81.5C-14.2,79.7,-28.4,61.2,-43.2,44.8C-58,28.4,-73.4,14.2,-75.4,-2C-77.5,-18.3,-66.1,-36.5,-51.3,-48.9C-36.5,-61.2,-18.3,-67.5,1.5,-69C21.3,-70.5,42.7,-67.3,55.1,-55Z;\n      M44.3,-43.4C56.2,-32.3,64,-16.2,66.9,2.9C69.8,21.9,67.8,43.9,55.8,59.9C43.9,76,21.9,86.1,4.8,81.3C-12.3,76.5,-24.6,56.7,-36.1,40.7C-47.7,24.6,-58.4,12.3,-59.2,-0.8C-60,-13.8,-50.7,-27.7,-39.2,-38.8C-27.7,-49.9,-13.8,-58.3,1.2,-59.4C16.2,-60.6,32.3,-54.5,44.3,-43.4Z;\n      M39.9,-44.3C50.2,-29.6,55.9,-14.8,55,-0.9C54.2,13,46.6,26.1,36.4,42.5C26.1,58.9,13,78.6,-2.7,81.3C-18.4,83.9,-36.8,69.5,-53.2,53.2C-69.7,36.8,-84.2,18.4,-86,-1.8C-87.8,-22,-77,-44,-60.5,-58.8C-44,-73.5,-22,-80.9,-3.6,-77.3C14.8,-73.7,29.6,-59.1,39.9,-44.3Z;\n      M54.7,-57.3C68.3,-41.1,74.9,-20.6,75.5,0.7C76.2,21.9,71,43.8,57.4,53.8C43.8,63.8,21.9,61.8,3.9,58C-14.1,54.1,-28.3,48.2,-43.5,38.3C-58.7,28.3,-75,14.1,-75.4,-0.4C-75.8,-15,-60.3,-29.9,-45.1,-46.1C-29.9,-62.2,-15,-79.6,2.8,-82.4C20.6,-85.2,41.1,-73.4,54.7,-57.3Z;\n      \n      \"\n    \/>\n  <\/path>\n<\/svg>\n\t\t<\/div>\n\t\t\t\t<\/div>\n\t\t\t\t\t<\/div>\n\t\t<\/div>\n\t\t\t\t<div class=\"elementor-column elementor-col-25 elementor-inner-column elementor-element elementor-element-b27032c\" data-id=\"b27032c\" data-element_type=\"column\">\n\t\t\t<div class=\"elementor-widget-wrap elementor-element-populated\">\n\t\t\t\t\t\t\t\t<div class=\"elementor-element elementor-element-9e60b23 elementor-widget__width-initial elementor-absolute elementor-widget elementor-widget-html\" data-id=\"9e60b23\" data-element_type=\"widget\" data-settings=\"{&quot;_position&quot;:&quot;absolute&quot;}\" data-widget_type=\"html.default\">\n\t\t\t\t<div class=\"elementor-widget-container\">\n\t\t\t<svg viewBox=\"0 0 200 200\" xmlns=\"http:\/\/www.w3.org\/2000\/svg\">\n\n  <path fill=lightblue d=\"M41.1,-65.1C50.8,-57.7,54.6,-42.2,59.8,-28.1C65,-14,71.7,-1.4,69.9,10C68.2,21.3,58,31.4,49.4,44.7C40.8,58.1,33.8,74.7,21.4,83.1C8.9,91.5,-9,91.6,-23.5,85.1C-37.9,78.5,-48.9,65.2,-55.3,51.4C-61.7,37.7,-63.5,23.5,-68.3,8.2C-73.1,-7.2,-80.8,-23.8,-75.7,-34.4C-70.6,-45.1,-52.8,-49.8,-38.1,-54.9C-23.4,-60,-11.7,-65.5,2,-68.6C15.7,-71.8,31.4,-72.5,41.1,-65.1Z\" transform=\"translate(100 100)\">\n    <animate attributeName=\"d\" dur=\"20s\" repeatCount=\"indefinite\" \n      values=\"\n      M54.7,-57.3C68.3,-41.1,74.9,-20.6,75.5,0.7C76.2,21.9,71,43.8,57.4,53.8C43.8,63.8,21.9,61.8,3.9,58C-14.1,54.1,-28.3,48.2,-43.5,38.3C-58.7,28.3,-75,14.1,-75.4,-0.4C-75.8,-15,-60.3,-29.9,-45.1,-46.1C-29.9,-62.2,-15,-79.6,2.8,-82.4C20.6,-85.2,41.1,-73.4,54.7,-57.3Z;\n      M55.1,-55C67.5,-42.7,71,-21.3,69.2,-1.8C67.5,17.8,60.5,35.6,48.1,52C35.6,68.4,17.8,83.3,1.8,81.5C-14.2,79.7,-28.4,61.2,-43.2,44.8C-58,28.4,-73.4,14.2,-75.4,-2C-77.5,-18.3,-66.1,-36.5,-51.3,-48.9C-36.5,-61.2,-18.3,-67.5,1.5,-69C21.3,-70.5,42.7,-67.3,55.1,-55Z;\n      M44.3,-43.4C56.2,-32.3,64,-16.2,66.9,2.9C69.8,21.9,67.8,43.9,55.8,59.9C43.9,76,21.9,86.1,4.8,81.3C-12.3,76.5,-24.6,56.7,-36.1,40.7C-47.7,24.6,-58.4,12.3,-59.2,-0.8C-60,-13.8,-50.7,-27.7,-39.2,-38.8C-27.7,-49.9,-13.8,-58.3,1.2,-59.4C16.2,-60.6,32.3,-54.5,44.3,-43.4Z;\n      M39.9,-44.3C50.2,-29.6,55.9,-14.8,55,-0.9C54.2,13,46.6,26.1,36.4,42.5C26.1,58.9,13,78.6,-2.7,81.3C-18.4,83.9,-36.8,69.5,-53.2,53.2C-69.7,36.8,-84.2,18.4,-86,-1.8C-87.8,-22,-77,-44,-60.5,-58.8C-44,-73.5,-22,-80.9,-3.6,-77.3C14.8,-73.7,29.6,-59.1,39.9,-44.3Z;\n      M54.7,-57.3C68.3,-41.1,74.9,-20.6,75.5,0.7C76.2,21.9,71,43.8,57.4,53.8C43.8,63.8,21.9,61.8,3.9,58C-14.1,54.1,-28.3,48.2,-43.5,38.3C-58.7,28.3,-75,14.1,-75.4,-0.4C-75.8,-15,-60.3,-29.9,-45.1,-46.1C-29.9,-62.2,-15,-79.6,2.8,-82.4C20.6,-85.2,41.1,-73.4,54.7,-57.3Z;\n      \n      \"\n    \/>\n  <\/path>\n<\/svg>\n\t\t<\/div>\n\t\t\t\t<\/div>\n\t\t\t\t\t<\/div>\n\t\t<\/div>\n\t\t\t\t<div class=\"elementor-column elementor-col-25 elementor-inner-column elementor-element elementor-element-8a73b94\" data-id=\"8a73b94\" data-element_type=\"column\">\n\t\t\t<div class=\"elementor-widget-wrap elementor-element-populated\">\n\t\t\t\t\t\t\t\t<div class=\"elementor-element elementor-element-71dbb4c elementor-absolute elementor-widget elementor-widget-html\" data-id=\"71dbb4c\" data-element_type=\"widget\" data-settings=\"{&quot;_position&quot;:&quot;absolute&quot;}\" data-widget_type=\"html.default\">\n\t\t\t\t<div class=\"elementor-widget-container\">\n\t\t\t<svg viewBox=\"0 0 200 200\" xmlns=\"http:\/\/www.w3.org\/2000\/svg\">\n\n  <path fill=orange d=\"M41.1,-65.1C50.8,-57.7,54.6,-42.2,59.8,-28.1C65,-14,71.7,-1.4,69.9,10C68.2,21.3,58,31.4,49.4,44.7C40.8,58.1,33.8,74.7,21.4,83.1C8.9,91.5,-9,91.6,-23.5,85.1C-37.9,78.5,-48.9,65.2,-55.3,51.4C-61.7,37.7,-63.5,23.5,-68.3,8.2C-73.1,-7.2,-80.8,-23.8,-75.7,-34.4C-70.6,-45.1,-52.8,-49.8,-38.1,-54.9C-23.4,-60,-11.7,-65.5,2,-68.6C15.7,-71.8,31.4,-72.5,41.1,-65.1Z\" transform=\"translate(100 100)\">\n    <animate attributeName=\"d\" dur=\"20s\" repeatCount=\"indefinite\" \n      values=\"\n      M54.7,-57.3C68.3,-41.1,74.9,-20.6,75.5,0.7C76.2,21.9,71,43.8,57.4,53.8C43.8,63.8,21.9,61.8,3.9,58C-14.1,54.1,-28.3,48.2,-43.5,38.3C-58.7,28.3,-75,14.1,-75.4,-0.4C-75.8,-15,-60.3,-29.9,-45.1,-46.1C-29.9,-62.2,-15,-79.6,2.8,-82.4C20.6,-85.2,41.1,-73.4,54.7,-57.3Z;\n      M55.1,-55C67.5,-42.7,71,-21.3,69.2,-1.8C67.5,17.8,60.5,35.6,48.1,52C35.6,68.4,17.8,83.3,1.8,81.5C-14.2,79.7,-28.4,61.2,-43.2,44.8C-58,28.4,-73.4,14.2,-75.4,-2C-77.5,-18.3,-66.1,-36.5,-51.3,-48.9C-36.5,-61.2,-18.3,-67.5,1.5,-69C21.3,-70.5,42.7,-67.3,55.1,-55Z;\n      M44.3,-43.4C56.2,-32.3,64,-16.2,66.9,2.9C69.8,21.9,67.8,43.9,55.8,59.9C43.9,76,21.9,86.1,4.8,81.3C-12.3,76.5,-24.6,56.7,-36.1,40.7C-47.7,24.6,-58.4,12.3,-59.2,-0.8C-60,-13.8,-50.7,-27.7,-39.2,-38.8C-27.7,-49.9,-13.8,-58.3,1.2,-59.4C16.2,-60.6,32.3,-54.5,44.3,-43.4Z;\n      M39.9,-44.3C50.2,-29.6,55.9,-14.8,55,-0.9C54.2,13,46.6,26.1,36.4,42.5C26.1,58.9,13,78.6,-2.7,81.3C-18.4,83.9,-36.8,69.5,-53.2,53.2C-69.7,36.8,-84.2,18.4,-86,-1.8C-87.8,-22,-77,-44,-60.5,-58.8C-44,-73.5,-22,-80.9,-3.6,-77.3C14.8,-73.7,29.6,-59.1,39.9,-44.3Z;\n      M54.7,-57.3C68.3,-41.1,74.9,-20.6,75.5,0.7C76.2,21.9,71,43.8,57.4,53.8C43.8,63.8,21.9,61.8,3.9,58C-14.1,54.1,-28.3,48.2,-43.5,38.3C-58.7,28.3,-75,14.1,-75.4,-0.4C-75.8,-15,-60.3,-29.9,-45.1,-46.1C-29.9,-62.2,-15,-79.6,2.8,-82.4C20.6,-85.2,41.1,-73.4,54.7,-57.3Z;\n      \n      \"\n    \/>\n  <\/path>\n<\/svg>\n\t\t<\/div>\n\t\t\t\t<\/div>\n\t\t\t\t\t<\/div>\n\t\t<\/div>\n\t\t\t\t\t\t\t<\/div>\n\t\t<\/section>\n\t\t\t\t\t<\/div>\n\t\t<\/div>\n\t\t\t\t\t\t\t<\/div>\n\t\t<\/section>\n\t\t\t\t<section class=\"elementor-section elementor-top-section elementor-element elementor-element-8f4c4d1 elementor-section-boxed elementor-section-height-default elementor-section-height-default\" data-id=\"8f4c4d1\" data-element_type=\"section\">\n\t\t\t\t\t\t<div class=\"elementor-container elementor-column-gap-default\">\n\t\t\t\t\t<div class=\"elementor-column elementor-col-100 elementor-top-column elementor-element elementor-element-07df185\" data-id=\"07df185\" data-element_type=\"column\">\n\t\t\t<div class=\"elementor-widget-wrap elementor-element-populated\">\n\t\t\t\t\t\t\t\t<div class=\"elementor-element elementor-element-9a2dc8b elementor-widget__width-initial elementor-widget elementor-widget-text-editor\" data-id=\"9a2dc8b\" data-element_type=\"widget\" data-widget_type=\"text-editor.default\">\n\t\t\t\t<div class=\"elementor-widget-container\">\n\t\t\t<style>\/*! elementor - v3.14.0 - 26-06-2023 *\/\n.elementor-widget-text-editor.elementor-drop-cap-view-stacked .elementor-drop-cap{background-color:#69727d;color:#fff}.elementor-widget-text-editor.elementor-drop-cap-view-framed .elementor-drop-cap{color:#69727d;border:3px solid;background-color:transparent}.elementor-widget-text-editor:not(.elementor-drop-cap-view-default) .elementor-drop-cap{margin-top:8px}.elementor-widget-text-editor:not(.elementor-drop-cap-view-default) .elementor-drop-cap-letter{width:1em;height:1em}.elementor-widget-text-editor .elementor-drop-cap{float:left;text-align:center;line-height:1;font-size:50px}.elementor-widget-text-editor .elementor-drop-cap-letter{display:inline-block}<\/style>\t\t\t\t<section data-id=\"69502f5\" data-element_type=\"section\">\n<div>\n<div data-id=\"cbf1757\" data-element_type=\"column\">\n<div>\n<div data-id=\"dd57ec7\" data-element_type=\"widget\" data-widget_type=\"heading.default\">\n<div>\n<h1>Impressum<\/h1>\n<div><\/div>\n<\/div>\n<\/div>\n<div data-id=\"9b82748\" data-element_type=\"widget\" data-widget_type=\"text-editor.default\">\n<div>\n<h1 style=\"margin: 0cm; font-size: 11pt; font-family: Calibri, sans-serif; color: #000000; font-style: normal; font-weight: 400; text-align: justify;\"><b><span style=\"font-family: Arial, sans-serif;\"><u>Nova Concept Solutions S.L.<\/u><\/span><\/b><\/h1>\n<p style=\"margin: 0cm; font-size: 11pt; font-family: Calibri, sans-serif; color: #000000; font-style: normal; font-weight: 400; text-align: justify;\"><b><span lang=\"ES\" style=\"font-family: Arial, sans-serif;\">Calle Manzanares 4<\/span><\/b><\/p>\n<p style=\"margin: 0cm; font-size: 11pt; font-family: Calibri, sans-serif; color: #000000; font-style: normal; font-weight: 400; text-align: justify;\"><b><span style=\"font-family: Arial, sans-serif;\">28005 Madrid<\/span><\/b><\/p>\n<b style=\"color: #000000; font-size: medium;\"><span style=\"font-size: 11pt; line-height: 15.6933px; font-family: Arial, sans-serif;\">Spanien<\/span><\/b><strong><b style=\"color: #000000; font-size: medium;\"><span style=\"font-size: 11pt; line-height: 15.6933px; font-family: Arial, sans-serif;\"><br>\nTel.: +34 91 949 1208<br>\nFax: +34 91 949 1209<br><br>\nNIF: B166 073 01<br>\nUID: ESB166 073 01<br>\nRegistro Mercantill Madrid<br>\n<\/span><\/b><\/strong>\n\n<\/div>\n<div><b style=\"color: #000000; font-size: medium;\"><span style=\"font-size: 11pt; line-height: 15.6933px; font-family: Arial, sans-serif;\">\u00a0<\/span><\/b><\/div>\n<\/div>\n<div data-id=\"6ab4d33\" data-element_type=\"widget\" data-widget_type=\"text-editor.default\">\n<div>\n<div>\n<h3>Haftungsausschluss<\/h3>\n<div>\n\nDer Herausgeber \u00fcbernimmt keinerlei Gew\u00e4hr hinsichtlich der inhaltlichen Richtigkeit, Genauigkeit, Aktualit\u00e4t, Zuverl\u00e4ssigkeit und Vollst\u00e4ndigkeit der Informationen. Haftungsanspr\u00fcche gegen den Herausgeber wegen Sch\u00e4den materieller oder immaterieller Art, welche aus dem Zugriff oder der Nutzung bzw. Nichtnutzung der ver\u00f6ffentlichten Informationen, durch Missbrauch der Verbindung oder durch technische St\u00f6rungen entstanden sind, werden ausgeschlossen. Alle Angebote sind unverbindlich. Der Herausgeber beh\u00e4lt es sich ausdr\u00fccklich vor, Teile der Seiten oder das gesamte Angebot ohne gesonderte Ank\u00fcndigung zu ver\u00e4ndern, zu erg\u00e4nzen, zu l\u00f6schen oder die Ver\u00f6ffentlichung zeitweise oder endg\u00fcltig einzustellen.\n\n<\/div>\n<\/div>\n<div>\n\n<a href=\"https:\/\/tanda.ag\/?site=impressum#\">\u00a0<\/a>\n<h3>Haftung f\u00fcr Links<\/h3>\n<div>\n\nVerweise und Links auf Webseiten Dritter liegen ausserhalb unseres Verantwortungsbereichs. Es wird jegliche Verantwortung f\u00fcr solche Webseiten abgelehnt. Der Zugriff und die Nutzung solcher Webseiten erfolgen auf eigene Gefahr des Nutzers oder der Nutzerin.\n\n<\/div>\n<\/div>\n<div>\n\n<a href=\"https:\/\/tanda.ag\/?site=impressum#\">\u00a0<\/a>\n<h3>Urheberrechte<\/h3>\n<div>\n\nDie Urheber- und alle anderen Rechte an Inhalten, Bildern, Fotos oder anderen Dateien auf der Webseite geh\u00f6ren ausschliesslich der oben genannten Firma oder den speziell genannten Rechtsinhabern. F\u00fcr die Reproduktion jeglicher Elemente ist die schriftliche Zustimmung der Urheberrechtstr\u00e4ger im Voraus einzuholen.\n\n<\/div>\n<\/div>\n<\/div>\n<\/div>\n<\/div>\n<\/div>\n<\/div>\n<\/section><section data-id=\"1951755\" data-element_type=\"section\">\n<div>\n<div data-id=\"04df8a3\" data-element_type=\"column\">\n<div>\n<div data-id=\"4b69944\" data-element_type=\"widget\" data-widget_type=\"text-editor.default\">\n<div>\n<h2>Adresse<\/h2>\n<div><\/div>\n<div>\n<h1 style=\"font-size: 11pt; font-style: normal; font-weight: 400; margin: 0cm; color: #000000; font-family: Calibri, sans-serif; text-align: justify;\"><span style=\"font-weight: bold;\"><span style=\"font-family: Arial, sans-serif;\"><u>Nova Concept Solutions S.L.<\/u><\/span><\/span><\/h1>\n<p style=\"font-size: 11pt; font-style: normal; font-weight: 400; margin: 0cm; font-family: Calibri, sans-serif; color: #000000; text-align: justify;\"><span style=\"font-weight: bold;\"><span lang=\"ES\" style=\"font-family: Arial, sans-serif;\">Calle Manzanares 4<\/span><\/span><\/p>\n<p style=\"font-size: 11pt; font-style: normal; font-weight: 400; margin: 0cm; font-family: Calibri, sans-serif; color: #000000; text-align: justify;\"><span style=\"font-weight: bold;\"><span style=\"font-family: Arial, sans-serif;\">28005 Madrid<\/span><\/span><\/p>\n<p style=\"font-size: 16px;\"><span style=\"font-weight: bold; color: #000000; font-size: medium;\"><span style=\"font-size: 11pt; line-height: 15.6933px; font-family: Arial, sans-serif;\">Spanien<\/span><\/span><\/p>\n\n<\/div>\n<div><span style=\"font-weight: bold; color: #000000; font-size: medium;\"><span style=\"font-size: 11pt; line-height: 15.6933px; font-family: Arial, sans-serif;\">\u00a0<\/span><\/span><\/div>\n<\/div>\n<\/div>\n<\/div>\n<\/div>\n<\/div>\n<\/section>\t\t\t\t\t\t<\/div>\n\t\t\t\t<\/div>\n\t\t\t\t\t<\/div>\n\t\t<\/div>\n\t\t\t\t\t\t\t<\/div>\n\t\t<\/section>\n\t\t\t\t\t\t\t<\/div>\n\t\t","protected":false},"excerpt":{"rendered":"<p>Impressum Impressum Nova Concept Solutions S.L. Calle Manzanares 4 28005 Madrid Spanien Tel.: +34 91 949 1208 Fax: +34 91 949 1209 NIF: B166 073 01 UID: ESB166 073 01 Registro Mercantill Madrid \u00a0 Haftungsausschluss Der Herausgeber \u00fcbernimmt keinerlei Gew\u00e4hr hinsichtlich der inhaltlichen Richtigkeit, Genauigkeit, Aktualit\u00e4t, Zuverl\u00e4ssigkeit und Vollst\u00e4ndigkeit der Informationen. Haftungsanspr\u00fcche gegen den Herausgeber &hellip;<\/p>\n<p class=\"read-more\"> <a class=\"\" href=\"https:\/\/nova-concept-solutions.com\/index.php\/impressum\/\"> <span class=\"screen-reader-text\">Impressum<\/span> Weiterlesen &raquo;<\/a><\/p>\n","protected":false},"author":1,"featured_media":0,"parent":0,"menu_order":0,"comment_status":"closed","ping_status":"closed","template":"elementor_header_footer","meta":{"site-sidebar-layout":"no-sidebar","site-content-layout":"page-builder","ast-global-header-display":"","ast-banner-title-visibility":"","ast-main-header-display":"","ast-hfb-above-header-display":"","ast-hfb-below-header-display":"","ast-hfb-mobile-header-display":"","site-post-title":"disabled","ast-breadcrumbs-content":"","ast-featured-img":"disabled","footer-sml-layout":"","theme-transparent-header-meta":"","adv-header-id-meta":"","stick-header-meta":"","header-above-stick-meta":"","header-main-stick-meta":"","header-below-stick-meta":""},"yoast_head":"<!-- This site is optimized with the Yoast SEO plugin v20.11 - https:\/\/yoast.com\/wordpress\/plugins\/seo\/ -->\n<title>Impressum - Nova Concept Solutions<\/title>\n<meta name=\"robots\" content=\"index, follow, max-snippet:-1, max-image-preview:large, max-video-preview:-1\" \/>\n<link rel=\"canonical\" href=\"https:\/\/nova-concept-solutions.com\/index.php\/impressum\/\" \/>\n<meta property=\"og:locale\" content=\"de_DE\" \/>\n<meta property=\"og:type\" content=\"article\" \/>\n<meta property=\"og:title\" content=\"Impressum - Nova Concept Solutions\" \/>\n<meta property=\"og:description\" content=\"Impressum Impressum Nova Concept Solutions S.L. Calle Manzanares 4 28005 Madrid Spanien Tel.: +34 91 949 1208 Fax: +34 91 949 1209 NIF: B166 073 01 UID: ESB166 073 01 Registro Mercantill Madrid \u00a0 Haftungsausschluss Der Herausgeber \u00fcbernimmt keinerlei Gew\u00e4hr hinsichtlich der inhaltlichen Richtigkeit, Genauigkeit, Aktualit\u00e4t, Zuverl\u00e4ssigkeit und Vollst\u00e4ndigkeit der Informationen. Haftungsanspr\u00fcche gegen den Herausgeber &hellip; Impressum Weiterlesen &raquo;\" \/>\n<meta property=\"og:url\" content=\"https:\/\/nova-concept-solutions.com\/index.php\/impressum\/\" \/>\n<meta property=\"og:site_name\" content=\"Nova Concept Solutions\" \/>\n<meta property=\"article:modified_time\" content=\"2023-10-20T18:19:52+00:00\" \/>\n<meta name=\"twitter:card\" content=\"summary_large_image\" \/>\n<meta name=\"twitter:label1\" content=\"Gesch\u00e4tzte Lesezeit\" \/>\n\t<meta name=\"twitter:data1\" content=\"2\u00a0Minuten\" \/>\n<script type=\"application\/ld+json\" class=\"yoast-schema-graph\">{\"@context\":\"https:\/\/schema.org\",\"@graph\":[{\"@type\":\"WebPage\",\"@id\":\"https:\/\/nova-concept-solutions.com\/index.php\/impressum\/\",\"url\":\"https:\/\/nova-concept-solutions.com\/index.php\/impressum\/\",\"name\":\"Impressum - Nova Concept Solutions\",\"isPartOf\":{\"@id\":\"https:\/\/nova-concept-solutions.com\/#website\"},\"datePublished\":\"2023-08-05T23:10:29+00:00\",\"dateModified\":\"2023-10-20T18:19:52+00:00\",\"breadcrumb\":{\"@id\":\"https:\/\/nova-concept-solutions.com\/index.php\/impressum\/#breadcrumb\"},\"inLanguage\":\"de\",\"potentialAction\":[{\"@type\":\"ReadAction\",\"target\":[\"https:\/\/nova-concept-solutions.com\/index.php\/impressum\/\"]}]},{\"@type\":\"BreadcrumbList\",\"@id\":\"https:\/\/nova-concept-solutions.com\/index.php\/impressum\/#breadcrumb\",\"itemListElement\":[{\"@type\":\"ListItem\",\"position\":1,\"name\":\"Startseite\",\"item\":\"https:\/\/nova-concept-solutions.com\/\"},{\"@type\":\"ListItem\",\"position\":2,\"name\":\"Impressum\"}]},{\"@type\":\"WebSite\",\"@id\":\"https:\/\/nova-concept-solutions.com\/#website\",\"url\":\"https:\/\/nova-concept-solutions.com\/\",\"name\":\"Nova Concept Solutions\",\"description\":\"SEO Agentur\",\"potentialAction\":[{\"@type\":\"SearchAction\",\"target\":{\"@type\":\"EntryPoint\",\"urlTemplate\":\"https:\/\/nova-concept-solutions.com\/?s={search_term_string}\"},\"query-input\":\"required name=search_term_string\"}],\"inLanguage\":\"de\"}]}<\/script>\n<!-- \/ Yoast SEO plugin. -->","yoast_head_json":{"title":"Impressum - Nova Concept Solutions","robots":{"index":"index","follow":"follow","max-snippet":"max-snippet:-1","max-image-preview":"max-image-preview:large","max-video-preview":"max-video-preview:-1"},"canonical":"https:\/\/nova-concept-solutions.com\/index.php\/impressum\/","og_locale":"de_DE","og_type":"article","og_title":"Impressum - Nova Concept Solutions","og_description":"Impressum Impressum Nova Concept Solutions S.L. Calle Manzanares 4 28005 Madrid Spanien Tel.: +34 91 949 1208 Fax: +34 91 949 1209 NIF: B166 073 01 UID: ESB166 073 01 Registro Mercantill Madrid \u00a0 Haftungsausschluss Der Herausgeber \u00fcbernimmt keinerlei Gew\u00e4hr hinsichtlich der inhaltlichen Richtigkeit, Genauigkeit, Aktualit\u00e4t, Zuverl\u00e4ssigkeit und Vollst\u00e4ndigkeit der Informationen. Haftungsanspr\u00fcche gegen den Herausgeber &hellip; Impressum Weiterlesen &raquo;","og_url":"https:\/\/nova-concept-solutions.com\/index.php\/impressum\/","og_site_name":"Nova Concept Solutions","article_modified_time":"2023-10-20T18:19:52+00:00","twitter_card":"summary_large_image","twitter_misc":{"Gesch\u00e4tzte Lesezeit":"2\u00a0Minuten"},"schema":{"@context":"https:\/\/schema.org","@graph":[{"@type":"WebPage","@id":"https:\/\/nova-concept-solutions.com\/index.php\/impressum\/","url":"https:\/\/nova-concept-solutions.com\/index.php\/impressum\/","name":"Impressum - Nova Concept Solutions","isPartOf":{"@id":"https:\/\/nova-concept-solutions.com\/#website"},"datePublished":"2023-08-05T23:10:29+00:00","dateModified":"2023-10-20T18:19:52+00:00","breadcrumb":{"@id":"https:\/\/nova-concept-solutions.com\/index.php\/impressum\/#breadcrumb"},"inLanguage":"de","potentialAction":[{"@type":"ReadAction","target":["https:\/\/nova-concept-solutions.com\/index.php\/impressum\/"]}]},{"@type":"BreadcrumbList","@id":"https:\/\/nova-concept-solutions.com\/index.php\/impressum\/#breadcrumb","itemListElement":[{"@type":"ListItem","position":1,"name":"Startseite","item":"https:\/\/nova-concept-solutions.com\/"},{"@type":"ListItem","position":2,"name":"Impressum"}]},{"@type":"WebSite","@id":"https:\/\/nova-concept-solutions.com\/#website","url":"https:\/\/nova-concept-solutions.com\/","name":"Nova Concept Solutions","description":"SEO Agentur","potentialAction":[{"@type":"SearchAction","target":{"@type":"EntryPoint","urlTemplate":"https:\/\/nova-concept-solutions.com\/?s={search_term_string}"},"query-input":"required name=search_term_string"}],"inLanguage":"de"}]}},"_links":{"self":[{"href":"https:\/\/nova-concept-solutions.com\/index.php\/wp-json\/wp\/v2\/pages\/14"}],"collection":[{"href":"https:\/\/nova-concept-solutions.com\/index.php\/wp-json\/wp\/v2\/pages"}],"about":[{"href":"https:\/\/nova-concept-solutions.com\/index.php\/wp-json\/wp\/v2\/types\/page"}],"author":[{"embeddable":true,"href":"https:\/\/nova-concept-solutions.com\/index.php\/wp-json\/wp\/v2\/users\/1"}],"replies":[{"embeddable":true,"href":"https:\/\/nova-concept-solutions.com\/index.php\/wp-json\/wp\/v2\/comments?post=14"}],"version-history":[{"count":37,"href":"https:\/\/nova-concept-solutions.com\/index.php\/wp-json\/wp\/v2\/pages\/14\/revisions"}],"predecessor-version":[{"id":792,"href":"https:\/\/nova-concept-solutions.com\/index.php\/wp-json\/wp\/v2\/pages\/14\/revisions\/792"}],"wp:attachment":[{"href":"https:\/\/nova-concept-solutions.com\/index.php\/wp-json\/wp\/v2\/media?parent=14"}],"curies":[{"name":"wp","href":"https:\/\/api.w.org\/{rel}","templated":true}]}}